{"id":692,"date":"2022-02-21T12:32:25","date_gmt":"2022-02-21T11:32:25","guid":{"rendered":"https:\/\/www.vinnysklep-klimkovice.com\/?page_id=692"},"modified":"2025-10-27T10:38:35","modified_gmt":"2025-10-27T09:38:35","slug":"kontakt","status":"publish","type":"page","link":"https:\/\/www.vinnysklep-klimkovice.com\/?page_id=692","title":{"rendered":"Kontakt"},"content":{"rendered":"\n<div class=\"wp-block-stackable-columns stk-block-columns stk-block stk-20a0836\" data-block-id=\"20a0836\"><style>.stk-20a0836 {min-height:0px !important;margin-bottom:0px !important;}.stk-20a0836-column{--stk-column-gap:0px !important;row-gap:0px !important;}<\/style><div class=\"stk-row stk-inner-blocks stk-block-content stk-content-align stk-20a0836-column\">\n<div class=\"wp-block-stackable-column stk-block-column stk-column stk-block stk-4d0c4f6\" data-block-id=\"4d0c4f6\"><style>.stk-4d0c4f6-inner-blocks{justify-content:center !important;}.stk-4d0c4f6-container{display:flex !important;}@media screen and (min-width:690px){.stk-4d0c4f6 {flex:var(--stk-flex-grow, 1) 1 calc(40% - var(--stk-column-gap, 0px) * 2 \/ 3 ) !important;}}<\/style><div class=\"stk-column-wrapper stk-block-column__content stk-container stk-4d0c4f6-container stk--no-background stk--no-padding\"><div class=\"stk-block-content stk-inner-blocks stk-4d0c4f6-inner-blocks\">\n<div class=\"wp-block-stackable-divider stk-block-divider stk-block stk-c1e4c42\" data-block-id=\"c1e4c42\"><style>.stk-c1e4c42 hr.stk-block-divider__hr{width:100% !important;}<\/style><hr class=\"stk-block-divider__hr\"\/><\/div>\n<\/div><\/div><\/div>\n\n\n\n<div class=\"wp-block-stackable-column stk-block-column stk-column stk-block stk-9f3e064\" data-block-id=\"9f3e064\"><style>.stk-9f3e064-container{margin-top:0px !important;margin-right:0px !important;margin-bottom:0px !important;margin-left:0px !important;}@media screen and (min-width:690px){.stk-9f3e064 {flex:var(--stk-flex-grow, 1) 1 calc(20% - var(--stk-column-gap, 0px) * 2 \/ 3 ) !important;}}<\/style><div class=\"stk-column-wrapper stk-block-column__content stk-container stk-9f3e064-container stk--no-background stk--no-padding\"><div class=\"has-text-align-center stk-block-content stk-inner-blocks stk-9f3e064-inner-blocks\">\n<div class=\"wp-block-stackable-heading stk-block-heading stk-block-heading--v2 stk-block stk-034f388\" id=\"kontakt\" data-block-id=\"034f388\"><style>.stk-034f388 {margin-bottom:0px !important;}.stk-034f388 .stk-block-heading__text{color:var(--theme-palette-color-4, #111518) !important;}<\/style><h1 class=\"stk-block-heading__text has-text-color has-palette-color-4-color has-text-align-center stk-block-heading--use-theme-margins\">Kontakt<\/h1><\/div>\n<\/div><\/div><\/div>\n\n\n\n<div class=\"wp-block-stackable-column stk-block-column stk-column stk-block stk-168b7d4\" data-block-id=\"168b7d4\"><style>.stk-168b7d4-inner-blocks{justify-content:center !important;}.stk-168b7d4-container{display:flex !important;}@media screen and (min-width:690px){.stk-168b7d4 {flex:var(--stk-flex-grow, 1) 1 calc(40% - var(--stk-column-gap, 0px) * 2 \/ 3 ) !important;}}<\/style><div class=\"stk-column-wrapper stk-block-column__content stk-container stk-168b7d4-container stk--no-background stk--no-padding\"><div class=\"stk-block-content stk-inner-blocks stk-168b7d4-inner-blocks\">\n<div class=\"wp-block-stackable-divider stk-block-divider stk-block stk-a0aec28\" data-block-id=\"a0aec28\"><style>.stk-a0aec28 hr.stk-block-divider__hr{width:100% !important;}<\/style><hr class=\"stk-block-divider__hr\"\/><\/div>\n<\/div><\/div><\/div>\n<\/div><\/div>\n\n\n\n<div class=\"wp-block-stackable-heading stk-block-heading stk-block-heading--v2 stk-block stk-cc74296\" id=\"zamecky-vinny-sklep-klimkovice\" data-block-id=\"cc74296\"><style>.stk-cc74296 {margin-top:-80px !important;margin-bottom:74px !important;}.stk-cc74296 .stk-block-heading__text{color:var(--theme-palette-color-1, #a8977b) !important;}@media screen and (max-width:689px){.stk-cc74296 {margin-top:-60px !important;margin-bottom:74px !important;}}<\/style><h6 class=\"stk-block-heading__text has-text-color has-palette-color-1-color has-text-align-center stk-block-heading--use-theme-margins\">Z\u00e1meck\u00fd vinn\u00fd sklep Klimkovice<\/h6><\/div>\n\n\n\n<div class=\"wp-block-stackable-columns stk-block-columns stk-block stk-ef20be7\" data-block-id=\"ef20be7\"><div class=\"stk-row stk-inner-blocks stk-block-content stk-content-align stk-ef20be7-column\">\n<div class=\"wp-block-stackable-column stk-block-column stk-column stk-block stk-caa442f\" data-block-id=\"caa442f\"><div class=\"stk-column-wrapper stk-block-column__content stk-container stk-caa442f-container stk--no-background stk--no-padding\"><div class=\"stk-block-content stk-inner-blocks stk-caa442f-inner-blocks\"><div id=\"wpgmza_map\" class=\"wpgmza_map\" data-settings='{\"id\":\"1\",\"map_title\":\"Z\\u00e1meck\\u00fd vinn\\u00fd sklep Klimkovice\",\"map_width\":\"100\",\"map_height\":\"200\",\"map_start_lat\":\"49.7863914138012\",\"map_start_lng\":\"18.13025283515293\",\"map_start_location\":\"45.950464398418106,-109.81550500000003\",\"map_start_zoom\":\"16\",\"default_marker\":\"\",\"type\":\"0\",\"alignment\":\"4\",\"directions_enabled\":\"0\",\"styling_enabled\":\"0\",\"styling_json\":\"\",\"active\":\"0\",\"kml\":\"\",\"bicycle\":\"0\",\"traffic\":\"0\",\"dbox\":\"0\",\"dbox_width\":\"\",\"listmarkers\":\"0\",\"listmarkers_advanced\":\"0\",\"filterbycat\":\"0\",\"ugm_enabled\":\"0\",\"ugm_category_enabled\":\"0\",\"fusion\":\"\",\"map_width_type\":\"%\",\"map_height_type\":\"px\",\"mass_marker_support\":\"0\",\"ugm_access\":\"0\",\"order_markers_by\":\"0\",\"order_markers_choice\":\"0\",\"show_user_location\":\"0\",\"default_to\":\"\",\"other_settings\":{\"map_type\":1,\"sl_stroke_color\":\"\",\"sl_fill_color\":\"\",\"sl_stroke_opacity\":\"\",\"sl_fill_opacity\":\"\",\"transport_layer\":false,\"action\":\"wpgmza_save_map\",\"redirect_to\":\"\\\/wp-admin\\\/admin-post.php\",\"map_id\":\"1\",\"http_referer\":\"\\\/wp-admin\\\/admin.php?page=wp-google-maps-menu&amp;amp;override=1&amp;amp;action=edit&amp;amp;map_id=1\",\"wpgmza_id\":\"1\",\"wpgmza_start_location\":\"49.7863914138012,18.13025283515293\",\"wpgmza_start_zoom\":\"16\",\"store_locator_enabled\":false,\"store_locator_search_area\":\"radial\",\"wpgmza_store_locator_radius_style\":\"legacy\",\"wpgmza_store_locator_default_radius\":\"10\",\"store_locator_auto_area_max_zoom\":\"\",\"store_locator_distance\":false,\"wpgmza_store_locator_position\":false,\"store_locator_show_distance\":false,\"store_locator_category\":false,\"wpgmza_store_locator_use_their_location\":false,\"wpgmza_store_locator_bounce\":false,\"wpgmza_sl_animation\":null,\"wpgmza_store_locator_hide_before_search\":false,\"store_locator_query_string\":\"\",\"store_locator_default_address\":\"\",\"store_locator_name_search\":false,\"store_locator_name_string\":\"\",\"store_locator_not_found_message\":\"\",\"wpgmza_map_align\":\"1\",\"jump_to_nearest_marker_on_initialization\":false,\"automatically_pan_to_users_location\":false,\"override_users_location_zoom_level\":false,\"override_users_location_zoom_levels\":\"\",\"show_distance_from_location\":false,\"map_max_zoom\":\"21\",\"map_min_zoom\":\"0\",\"click_open_link\":false,\"fit_maps_bounds_to_markers\":false,\"fit_maps_bounds_to_markers_after_filtering\":false,\"hide_point_of_interest\":false,\"wpgmza_zoom_on_marker_click\":false,\"wpgmza_zoom_on_marker_click_slider\":\"\",\"close_infowindow_on_map_click\":false,\"disable_lightbox_images\":false,\"use_Raw_Jpeg_Coordinates\":false,\"disable_polygon_info_windows\":false,\"enable_marker_ratings\":false,\"only_load_markers_within_viewport\":false,\"iw_primary_color\":\"#000000\",\"iw_accent_color\":\"#000000\",\"iw_text_color\":\"#000000\",\"wpgmza_listmarkers_by\":\"0\",\"wpgmza_marker_listing_position\":false,\"zoom_level_on_marker_listing_override\":false,\"zoom_level_on_marker_listing_click\":\"\",\"datatable_no_result_message\":\"\",\"remove_search_box_datables\":false,\"dataTable_pagination_style\":null,\"datatable_search_string\":\"\",\"datatable_result_start\":\"\",\"datatable_result_of\":\"\",\"datatable_result_to\":\"\",\"datatable_result_total\":\"\",\"datatable_result_show\":\"\",\"datatable_result_entries\":\"\",\"wpgmza_savemap\":\"Save Map \\u00bb\"}}' data-map-id='1' Data-maps-engine='open-layers' data-shortcode-attributes='{\"id\":\"1\"}' style=\"display:block; overflow:auto; width:100%; height:200px; float:left;\"><\/div>\n<\/div><\/div><\/div>\n<\/div><\/div>\n\n\n\n<div class=\"wp-block-stackable-spacer stk-block-spacer stk--no-padding stk-block stk-e4d5e56\" data-block-id=\"e4d5e56\"><style>.stk-e4d5e56 {height:50px !important;}<\/style><\/div>\n\n\n\n<div class=\"wp-block-stackable-columns stk-block-columns stk-block stk-e33d490\" data-block-id=\"e33d490\"><div class=\"stk-row stk-inner-blocks stk-block-content stk-content-align stk-e33d490-column\">\n<div class=\"wp-block-stackable-column stk-block-column stk-column stk-block stk-2e7b349\" data-block-id=\"2e7b349\"><style>@media screen and (max-width:689px){.stk-2e7b349 {padding-bottom:50px !important;}}<\/style><div class=\"stk-column-wrapper stk-block-column__content stk-container stk-2e7b349-container stk--no-background stk--no-padding\"><div class=\"stk-block-content stk-inner-blocks stk-2e7b349-inner-blocks\">\n<div class=\"wp-block-stackable-heading stk-block-heading stk-block-heading--v2 stk-block stk-2286dab\" id=\"kde-nas-najdete\" data-block-id=\"2286dab\"><h5 class=\"stk-block-heading__text has-text-align-center stk-block-heading--use-theme-margins\">Kde n\u00e1s najdete<\/h5><\/div>\n\n\n\n<div class=\"wp-block-stackable-icon stk-block-icon has-text-align-center stk-block stk-279955a\" data-block-id=\"279955a\"><style>.stk-279955a .stk--svg-wrapper .stk--inner-svg svg:last-child, .stk-279955a .stk--svg-wrapper .stk--inner-svg svg:last-child :is(g, path, rect, polygon, ellipse){fill:var(--theme-palette-color-1, #a8977b) !important;}<\/style><span class=\"stk--svg-wrapper\"><div class=\"stk--inner-svg\"><svg style=\"height:0;width:0\"><defs><linearGradient id=\"linear-gradient-279955a\" x1=\"0\" x2=\"100%\" y1=\"0\" y2=\"0\"><stop offset=\"0%\" style=\"stop-opacity:1;stop-color:var(--linear-gradient-279955-a-color-1)\"><\/stop><stop offset=\"100%\" style=\"stop-opacity:1;stop-color:var(--linear-gradient-279955-a-color-2)\"><\/stop><\/linearGradient><\/defs><\/svg><svg aria-hidden=\"true\" focusable=\"false\" data-prefix=\"fas\" data-icon=\"map-marker-alt\" class=\"svg-inline--fa fa-map-marker-alt fa-w-12\" xmlns=\"http:\/\/www.w3.org\/2000\/svg\" viewBox=\"0 0 384 512\" width=\"32\" height=\"32\"><path fill=\"currentColor\" d=\"M172.268 501.67C26.97 291.031 0 269.413 0 192 0 85.961 85.961 0 192 0s192 85.961 192 192c0 77.413-26.97 99.031-172.268 309.67-9.535 13.774-29.93 13.773-39.464 0zM192 272c44.183 0 80-35.817 80-80s-35.817-80-80-80-80 35.817-80 80 35.817 80 80 80z\"><\/path><\/svg><\/div><\/span><\/div>\n\n\n\n<div class=\"wp-block-stackable-text stk-block-text stk-block stk-77948c5\" data-block-id=\"77948c5\"><p class=\"stk-block-text__text has-text-align-center\">Lidick\u00e1 1<br>742 83 Klimkovice<br><br>(budova M\u011b\u00da Z\u00c1MEK vchod z&nbsp;n\u00e1dvo\u0159\u00ed)<\/p><\/div>\n<\/div><\/div><\/div>\n\n\n\n<div class=\"wp-block-stackable-column stk-block-column stk-column stk-block stk-ec35ad3\" data-block-id=\"ec35ad3\"><style>@media screen and (max-width:689px){.stk-ec35ad3 {padding-bottom:50px !important;}}<\/style><div class=\"stk-column-wrapper stk-block-column__content stk-container stk-ec35ad3-container stk--no-background stk--no-padding\"><div class=\"stk-block-content stk-inner-blocks stk-ec35ad3-inner-blocks\">\n<div class=\"wp-block-stackable-heading stk-block-heading stk-block-heading--v2 stk-block stk-211b3d5\" id=\"kontaktujte-nas\" data-block-id=\"211b3d5\"><h5 class=\"stk-block-heading__text has-text-align-center stk-block-heading--use-theme-margins\">Kontaktujte n\u00e1s<\/h5><\/div>\n\n\n\n<div class=\"wp-block-stackable-icon stk-block-icon has-text-align-center stk-block stk-f33131d\" data-block-id=\"f33131d\"><style>.stk-f33131d .stk--svg-wrapper .stk--inner-svg svg:last-child, .stk-f33131d .stk--svg-wrapper .stk--inner-svg svg:last-child :is(g, path, rect, polygon, ellipse){fill:var(--theme-palette-color-1, #a8977b) !important;}<\/style><span class=\"stk--svg-wrapper\"><div class=\"stk--inner-svg\"><svg style=\"height:0;width:0\"><defs><linearGradient id=\"linear-gradient-f33131d\" x1=\"0\" x2=\"100%\" y1=\"0\" y2=\"0\"><stop offset=\"0%\" style=\"stop-opacity:1;stop-color:var(--linear-gradient-f-33131-d-color-1)\"><\/stop><stop offset=\"100%\" style=\"stop-opacity:1;stop-color:var(--linear-gradient-f-33131-d-color-2)\"><\/stop><\/linearGradient><\/defs><\/svg><svg aria-hidden=\"true\" focusable=\"false\" data-prefix=\"fas\" data-icon=\"globe\" class=\"svg-inline--fa fa-globe fa-w-16\" xmlns=\"http:\/\/www.w3.org\/2000\/svg\" viewBox=\"0 0 496 512\" width=\"32\" height=\"32\"><path fill=\"currentColor\" d=\"M336.5 160C322 70.7 287.8 8 248 8s-74 62.7-88.5 152h177zM152 256c0 22.2 1.2 43.5 3.3 64h185.3c2.1-20.5 3.3-41.8 3.3-64s-1.2-43.5-3.3-64H155.3c-2.1 20.5-3.3 41.8-3.3 64zm324.7-96c-28.6-67.9-86.5-120.4-158-141.6 24.4 33.8 41.2 84.7 50 141.6h108zM177.2 18.4C105.8 39.6 47.8 92.1 19.3 160h108c8.7-56.9 25.5-107.8 49.9-141.6zM487.4 192H372.7c2.1 21 3.3 42.5 3.3 64s-1.2 43-3.3 64h114.6c5.5-20.5 8.6-41.8 8.6-64s-3.1-43.5-8.5-64zM120 256c0-21.5 1.2-43 3.3-64H8.6C3.2 212.5 0 233.8 0 256s3.2 43.5 8.6 64h114.6c-2-21-3.2-42.5-3.2-64zm39.5 96c14.5 89.3 48.7 152 88.5 152s74-62.7 88.5-152h-177zm159.3 141.6c71.4-21.2 129.4-73.7 158-141.6h-108c-8.8 56.9-25.6 107.8-50 141.6zM19.3 352c28.6 67.9 86.5 120.4 158 141.6-24.4-33.8-41.2-84.7-50-141.6h-108z\"><\/path><\/svg><\/div><\/span><\/div>\n\n\n\n<div class=\"wp-block-stackable-text stk-block-text stk-block stk-8fcffcb\" data-block-id=\"8fcffcb\"><p class=\"stk-block-text__text has-text-align-center\">Vladim\u00edr Rimmel<br><br><strong>E-mail:\u00a0<\/strong><a href=\"mailto:rimmel@rceia.cz\">rimmel@rceia.cz<\/a><br><strong>Tel:\u00a0<\/strong>+420 603 112 170<\/p><\/div>\n\n\n\n<div class=\"wp-block-stackable-button-group stk-block-button-group stk-block stk-13d9fc0\" data-block-id=\"13d9fc0\"><div class=\"stk-row stk-inner-blocks has-text-align-center stk-block-content stk-button-group\">\n<div class=\"wp-block-stackable-icon-button stk-block-icon-button stk-block stk-f478228\" data-block-id=\"f478228\"><style>.stk-f478228 .stk-button{background:#3b5998 !important;}<\/style><a class=\"stk-link stk-button stk--hover-effect-darken\" href=\"\"><span class=\"stk--svg-wrapper\"><div class=\"stk--inner-svg\"><svg data-prefix=\"fab\" data-icon=\"facebook-square\" class=\"svg-inline--fa fa-facebook-square fa-w-14\" xmlns=\"http:\/\/www.w3.org\/2000\/svg\" viewBox=\"0 0 448 512\" aria-hidden=\"true\" width=\"32\" height=\"32\"><path fill=\"currentColor\" d=\"M400 32H48A48 48 0 0 0 0 80v352a48 48 0 0 0 48 48h137.25V327.69h-63V256h63v-54.64c0-62.15 37-96.48 93.67-96.48 27.14 0 55.52 4.84 55.52 4.84v61h-31.27c-30.81 0-40.42 19.12-40.42 38.73V256h68.78l-11 71.69h-57.78V480H400a48 48 0 0 0 48-48V80a48 48 0 0 0-48-48z\"><\/path><\/svg><\/div><\/span><\/a><\/div>\n<\/div><\/div>\n<\/div><\/div><\/div>\n\n\n\n<div class=\"wp-block-stackable-column stk-block-column stk-column stk-block stk-6b6c9a7\" data-block-id=\"6b6c9a7\"><style>@media screen and (max-width:689px){.stk-6b6c9a7 {padding-bottom:50px !important;}}<\/style><div class=\"stk-column-wrapper stk-block-column__content stk-container stk-6b6c9a7-container stk--no-background stk--no-padding\"><div class=\"stk-block-content stk-inner-blocks stk-6b6c9a7-inner-blocks\">\n<div class=\"wp-block-stackable-heading stk-block-heading stk-block-heading--v2 stk-block stk-889d32c\" id=\"fakturacni-udaje\" data-block-id=\"889d32c\"><h5 class=\"stk-block-heading__text has-text-align-center stk-block-heading--use-theme-margins\">Faktura\u010dn\u00ed \u00fadaje<\/h5><\/div>\n\n\n\n<div class=\"wp-block-stackable-icon stk-block-icon has-text-align-center stk-block stk-9533ecf\" data-block-id=\"9533ecf\"><style>.stk-9533ecf .stk--svg-wrapper .stk--inner-svg svg:last-child, .stk-9533ecf .stk--svg-wrapper .stk--inner-svg svg:last-child :is(g, path, rect, polygon, ellipse){fill:var(--theme-palette-color-1, #a8977b) !important;}<\/style><span class=\"stk--svg-wrapper\"><div class=\"stk--inner-svg\"><svg style=\"height:0;width:0\"><defs><linearGradient id=\"linear-gradient-9533ecf\" x1=\"0\" x2=\"100%\" y1=\"0\" y2=\"0\"><stop offset=\"0%\" style=\"stop-opacity:1;stop-color:var(--linear-gradient-9533-ecf-color-1)\"><\/stop><stop offset=\"100%\" style=\"stop-opacity:1;stop-color:var(--linear-gradient-9533-ecf-color-2)\"><\/stop><\/linearGradient><\/defs><\/svg><svg aria-hidden=\"true\" focusable=\"false\" data-prefix=\"fas\" data-icon=\"file-alt\" class=\"svg-inline--fa fa-file-alt fa-w-12\" xmlns=\"http:\/\/www.w3.org\/2000\/svg\" viewBox=\"0 0 384 512\" width=\"32\" height=\"32\"><path fill=\"currentColor\" d=\"M224 136V0H24C10.7 0 0 10.7 0 24v464c0 13.3 10.7 24 24 24h336c13.3 0 24-10.7 24-24V160H248c-13.2 0-24-10.8-24-24zm64 236c0 6.6-5.4 12-12 12H108c-6.6 0-12-5.4-12-12v-8c0-6.6 5.4-12 12-12h168c6.6 0 12 5.4 12 12v8zm0-64c0 6.6-5.4 12-12 12H108c-6.6 0-12-5.4-12-12v-8c0-6.6 5.4-12 12-12h168c6.6 0 12 5.4 12 12v8zm0-72v8c0 6.6-5.4 12-12 12H108c-6.6 0-12-5.4-12-12v-8c0-6.6 5.4-12 12-12h168c6.6 0 12 5.4 12 12zm96-114.1v6.1H256V0h6.1c6.4 0 12.5 2.5 17 7l97.9 98c4.5 4.5 7 10.6 7 16.9z\"><\/path><\/svg><\/div><\/span><\/div>\n\n\n\n<div class=\"wp-block-stackable-text stk-block-text stk-block stk-8ef915a\" data-block-id=\"8ef915a\"><p class=\"stk-block-text__text has-text-align-center\">Region\u00e1ln\u00ed centrum EIA s.r.o.<br><br>Lidick\u00e1 1<br>742 83 Klimkovice<br><br>I\u010c: 47150661<br>DI\u010c: CZ47150661<\/p><\/div>\n<\/div><\/div><\/div>\n<\/div><\/div>\n","protected":false},"excerpt":{"rendered":"<p>Kontakt Z\u00e1meck\u00fd vinn\u00fd sklep Klimkovice Kde n\u00e1s najdete Lidick\u00e1 1742 83 Klimkovice (budova M\u011b\u00da Z\u00c1MEK vchod z&nbsp;n\u00e1dvo\u0159\u00ed) Kontaktujte n\u00e1s Vladim\u00edr Rimmel E-mail:\u00a0rimmel@rceia.czTel:\u00a0+420 603 112 170 Faktura\u010dn\u00ed \u00fadaje Region\u00e1ln\u00ed centrum EIA s.r.o. Lidick\u00e1 1742 83 Klimkovice I\u010c: 47150661DI\u010c: CZ47150661<\/p>\n","protected":false},"author":1,"featured_media":0,"parent":0,"menu_order":0,"comment_status":"closed","ping_status":"closed","template":"","meta":{"footnotes":""},"class_list":["post-692","page","type-page","status-publish","hentry"],"blocksy_meta":{"styles_descriptor":{"styles":{"desktop":"","tablet":"","mobile":""},"google_fonts":[],"version":6}},"publishpress_future_action":{"enabled":false,"date":"2026-05-07 17:10:58","action":"change-status","newStatus":"draft","terms":[],"taxonomy":"","extraData":[]},"publishpress_future_workflow_manual_trigger":{"enabledWorkflows":[]},"post_mailing_queue_ids":[],"_links":{"self":[{"href":"https:\/\/www.vinnysklep-klimkovice.com\/index.php?rest_route=\/wp\/v2\/pages\/692","targetHints":{"allow":["GET"]}}],"collection":[{"href":"https:\/\/www.vinnysklep-klimkovice.com\/index.php?rest_route=\/wp\/v2\/pages"}],"about":[{"href":"https:\/\/www.vinnysklep-klimkovice.com\/index.php?rest_route=\/wp\/v2\/types\/page"}],"author":[{"embeddable":true,"href":"https:\/\/www.vinnysklep-klimkovice.com\/index.php?rest_route=\/wp\/v2\/users\/1"}],"replies":[{"embeddable":true,"href":"https:\/\/www.vinnysklep-klimkovice.com\/index.php?rest_route=%2Fwp%2Fv2%2Fcomments&post=692"}],"version-history":[{"count":0,"href":"https:\/\/www.vinnysklep-klimkovice.com\/index.php?rest_route=\/wp\/v2\/pages\/692\/revisions"}],"wp:attachment":[{"href":"https:\/\/www.vinnysklep-klimkovice.com\/index.php?rest_route=%2Fwp%2Fv2%2Fmedia&parent=692"}],"curies":[{"name":"wp","href":"https:\/\/api.w.org\/{rel}","templated":true}]}}